{"id":5,"date":"2011-06-28T14:52:06","date_gmt":"2011-06-28T14:52:06","guid":{"rendered":"http:\/\/www.kosmetologihoitolakimalle.com\/?page_id=5"},"modified":"2024-02-29T12:41:37","modified_gmt":"2024-02-29T12:41:37","slug":"etusivu","status":"publish","type":"page","link":"https:\/\/www.kosmetologihoitolakimalle.com\/","title":{"rendered":"Etusivu"},"content":{"rendered":"<p><strong style=\"font-size: 2em;\">Liike on nyt SULJETTU<br \/><\/strong><strong style=\"font-size: 2em;\">Kiitos kaikille kuluneista vuosista\u2764\ufe0f<\/strong><\/p>\n<p><strong style=\"font-size: 2em;\"><br \/><br \/><\/strong><\/p>\n<p>\u00a0<\/p>\n<p><strong style=\"font-size: 2em;\">\u00a0<\/strong><\/p>\n<h3><strong><span style=\"color: #000000;\">\u00a0<\/span><\/strong><\/h3>\n\n\n<p><\/p>\n<div class='shareinpost'><ul class=\"socialwrap row\"><li class=\"iconOnly\"><a rel=\"nofollow\" target=\"_blank\" href=\"http:\/\/www.facebook.com\/sharer.php?u=https%3A%2F%2Fwww.kosmetologihoitolakimalle.com%2F&amp;t=Etusivu\" title=\"Suosittele: Kosmetologihoitola Kimalteen Etusivu Facebookissa\" ><img src=\"http:\/\/www.kosmetologihoitolakimalle.com\/wp-content\/plugins\/share-and-follow\/images\/blank.gif\" height=\"24\" style=\"background: transparent url(http:\/\/www.kosmetologihoitolakimalle.com\/wp-content\/plugins\/share-and-follow\/default\/24\/sprite-24.png) no-repeat;padding:0;margin:0;height:24px;width:24px;background-position:-275px 0px\" class=\"image-24\" width=\"24\" alt=\"facebook\"\/> <span class=\"head\">Jaa Facebookissa<\/span><\/a><\/li><li class=\"iconOnly\"><a rel=\"nofollow\" target=\"_blank\" href=\"http:\/\/twitter.com\/home\/?status=https%3A%2F%2Fwww.kosmetologihoitolakimalle.com%2F\" title=\"Twiittaa: Kosmetologihoitola Kimalteen Etusivu\" ><img src=\"http:\/\/www.kosmetologihoitolakimalle.com\/wp-content\/plugins\/share-and-follow\/images\/blank.gif\" height=\"24\" style=\"background: transparent url(http:\/\/www.kosmetologihoitolakimalle.com\/wp-content\/plugins\/share-and-follow\/default\/24\/sprite-24.png) no-repeat;padding:0;margin:0;height:24px;width:24px;background-position:-1325px 0px\" class=\"image-24\"  width=\"24\"  alt=\"twitter\"\/> <span class=\"head\">Twiittaa<\/span><\/a><\/li><li class=\"iconOnly\"><a rel=\"_self\" href=\"mailto:?subject=Kosmetologihoitola%20Kimalle%20:%20Etusivu&amp;body=T\u00e4ss\u00e4%20on%20linkki%20uuden%20ja%20trendikk\u00e4\u00e4n%20kosmetologihoitolan%20sivuille!%20%20https:\/\/www.kosmetologihoitolakimalle.com\/\" title=\"Kerro kaverille : Kosmetologihoitola Kimalteen Etusivu \"><img src=\"http:\/\/www.kosmetologihoitolakimalle.com\/wp-content\/plugins\/share-and-follow\/images\/blank.gif\" height=\"24\"  width=\"24\" style=\"background: transparent url(http:\/\/www.kosmetologihoitolakimalle.com\/wp-content\/plugins\/share-and-follow\/default\/24\/sprite-24.png) no-repeat;padding:0;margin:0;height:24px;width:24px;background-position:-250px 0px\" class=\"image-24\"  alt=\"email\" \/> <span class=\"head\">Kerro kaverille!<\/span><\/a><\/li><\/ul><div class=\"clean\"><\/div> <\/div>","protected":false},"excerpt":{"rendered":"<p>Liike on nyt SULJETTUKiitos kaikille kuluneista vuosista\u2764\ufe0f \u00a0 \u00a0 \u00a0 Jaa Facebookissa Twiittaa Kerro kaverille!<\/p>\n","protected":false},"author":1,"featured_media":0,"parent":0,"menu_order":0,"comment_status":"open","ping_status":"open","template":"","meta":[],"_links":{"self":[{"href":"https:\/\/www.kosmetologihoitolakimalle.com\/index.php?rest_route=\/wp\/v2\/pages\/5"}],"collection":[{"href":"https:\/\/www.kosmetologihoitolakimalle.com\/index.php?rest_route=\/wp\/v2\/pages"}],"about":[{"href":"https:\/\/www.kosmetologihoitolakimalle.com\/index.php?rest_route=\/wp\/v2\/types\/page"}],"author":[{"embeddable":true,"href":"https:\/\/www.kosmetologihoitolakimalle.com\/index.php?rest_route=\/wp\/v2\/users\/1"}],"replies":[{"embeddable":true,"href":"https:\/\/www.kosmetologihoitolakimalle.com\/index.php?rest_route=%2Fwp%2Fv2%2Fcomments&post=5"}],"version-history":[{"count":142,"href":"https:\/\/www.kosmetologihoitolakimalle.com\/index.php?rest_route=\/wp\/v2\/pages\/5\/revisions"}],"predecessor-version":[{"id":319,"href":"https:\/\/www.kosmetologihoitolakimalle.com\/index.php?rest_route=\/wp\/v2\/pages\/5\/revisions\/319"}],"wp:attachment":[{"href":"https:\/\/www.kosmetologihoitolakimalle.com\/index.php?rest_route=%2Fwp%2Fv2%2Fmedia&parent=5"}],"curies":[{"name":"wp","href":"https:\/\/api.w.org\/{rel}","templated":true}]}}